{"id":35195,"date":"2025-01-12T20:41:57","date_gmt":"2025-01-13T02:41:57","guid":{"rendered":"https:\/\/amgpromocionales.com.mx\/?post_type=product&#038;p=35195"},"modified":"2025-01-20T23:55:35","modified_gmt":"2025-01-21T05:55:35","slug":"agenda-9","status":"publish","type":"product","link":"https:\/\/amgpromocionales.mx\/en\/shop\/agenda-9\/","title":{"rendered":"Agenda"},"content":{"rendered":"<p>Agenda diaria con calendario de 2024 a 2028, 120 hojas, separador y broche magn\u00e9tico. Dentro de sus apartados contiene: datos personales, tel\u00e9fonos de emergencia y festividades personales. Incluye bol\u00edgrafo.<\/p>","protected":false},"excerpt":{"rendered":"<p>Agenda diaria con calendario de 2024 a 2028, 120 hojas, separador y broche magn\u00e9tico. Dentro de sus apartados contiene: datos personales, tel\u00e9fonos de emergencia y festividades personales. Incluye bol\u00edgrafo.<\/p>","protected":false},"featured_media":18331,"comment_status":"closed","ping_status":"closed","template":"","meta":[],"genre":[],"product_cat":[263,395],"product_tag":[],"class_list":{"0":"post-35195","1":"product","2":"type-product","3":"status-publish","4":"has-post-thumbnail","6":"product_cat-agendas","7":"product_cat-ver-todo-libretas-y-agendas","9":"first","10":"instock","11":"shipping-taxable","12":"purchasable","13":"product-type-variable"},"_links":{"self":[{"href":"https:\/\/amgpromocionales.mx\/en\/wp-json\/wp\/v2\/product\/35195","targetHints":{"allow":["GET"]}}],"collection":[{"href":"https:\/\/amgpromocionales.mx\/en\/wp-json\/wp\/v2\/product"}],"about":[{"href":"https:\/\/amgpromocionales.mx\/en\/wp-json\/wp\/v2\/types\/product"}],"replies":[{"embeddable":true,"href":"https:\/\/amgpromocionales.mx\/en\/wp-json\/wp\/v2\/comments?post=35195"}],"wp:featuredmedia":[{"embeddable":true,"href":"https:\/\/amgpromocionales.mx\/en\/wp-json\/wp\/v2\/media\/18331"}],"wp:attachment":[{"href":"https:\/\/amgpromocionales.mx\/en\/wp-json\/wp\/v2\/media?parent=35195"}],"wp:term":[{"taxonomy":"product_brand","embeddable":true,"href":"https:\/\/amgpromocionales.mx\/en\/wp-json\/wp\/v2\/genre?post=35195"},{"taxonomy":"product_cat","embeddable":true,"href":"https:\/\/amgpromocionales.mx\/en\/wp-json\/wp\/v2\/product_cat?post=35195"},{"taxonomy":"product_tag","embeddable":true,"href":"https:\/\/amgpromocionales.mx\/en\/wp-json\/wp\/v2\/product_tag?post=35195"}],"curies":[{"name":"wp","href":"https:\/\/api.w.org\/{rel}","templated":true}]}}