{"id":34856,"date":"2025-01-12T20:16:15","date_gmt":"2025-01-13T02:16:15","guid":{"rendered":"https:\/\/amgpromocionales.com.mx\/?post_type=product&#038;p=34856"},"modified":"2025-01-20T23:52:35","modified_gmt":"2025-01-21T05:52:35","slug":"set-de-vinos-bamboo","status":"publish","type":"product","link":"https:\/\/amgpromocionales.mx\/en\/shop\/set-de-vinos-bamboo\/","title":{"rendered":"SET DE VINOS BAMBOO"},"content":{"rendered":"<p>23 x 13 x 5 cm. Caja de bamb\u00fa, cierre met\u00e1lico con set de 5 piezas de bar: Sacacorchos, Tap\u00f3n Cortagota, Termometro y Vertedor.<\/p>","protected":false},"excerpt":{"rendered":"<p>23 x 13 x 5 cm. Caja de bamb\u00fa, cierre met\u00e1lico con set de 5 piezas de bar: Sacacorchos, Tap\u00f3n Cortagota, Termometro y Vertedor.<\/p>","protected":false},"featured_media":31773,"comment_status":"closed","ping_status":"closed","template":"","meta":[],"genre":[],"product_cat":[282,394],"product_tag":[],"class_list":{"0":"post-34856","1":"product","2":"type-product","3":"status-publish","4":"has-post-thumbnail","6":"product_cat-accesorios-para-vinos","7":"product_cat-ver-todo-hogar","9":"first","10":"instock","11":"shipping-taxable","12":"purchasable","13":"product-type-simple"},"_links":{"self":[{"href":"https:\/\/amgpromocionales.mx\/en\/wp-json\/wp\/v2\/product\/34856","targetHints":{"allow":["GET"]}}],"collection":[{"href":"https:\/\/amgpromocionales.mx\/en\/wp-json\/wp\/v2\/product"}],"about":[{"href":"https:\/\/amgpromocionales.mx\/en\/wp-json\/wp\/v2\/types\/product"}],"replies":[{"embeddable":true,"href":"https:\/\/amgpromocionales.mx\/en\/wp-json\/wp\/v2\/comments?post=34856"}],"wp:featuredmedia":[{"embeddable":true,"href":"https:\/\/amgpromocionales.mx\/en\/wp-json\/wp\/v2\/media\/31773"}],"wp:attachment":[{"href":"https:\/\/amgpromocionales.mx\/en\/wp-json\/wp\/v2\/media?parent=34856"}],"wp:term":[{"taxonomy":"product_brand","embeddable":true,"href":"https:\/\/amgpromocionales.mx\/en\/wp-json\/wp\/v2\/genre?post=34856"},{"taxonomy":"product_cat","embeddable":true,"href":"https:\/\/amgpromocionales.mx\/en\/wp-json\/wp\/v2\/product_cat?post=34856"},{"taxonomy":"product_tag","embeddable":true,"href":"https:\/\/amgpromocionales.mx\/en\/wp-json\/wp\/v2\/product_tag?post=34856"}],"curies":[{"name":"wp","href":"https:\/\/api.w.org\/{rel}","templated":true}]}}