{"id":34771,"date":"2025-01-12T20:11:38","date_gmt":"2025-01-13T02:11:38","guid":{"rendered":"https:\/\/amgpromocionales.com.mx\/?post_type=product&#038;p=34771"},"modified":"2025-01-21T00:22:48","modified_gmt":"2025-01-21T06:22:48","slug":"bocina-leucade","status":"publish","type":"product","link":"https:\/\/amgpromocionales.mx\/en\/shop\/bocina-leucade\/","title":{"rendered":"BOCINA L\u00c9UCADE"},"content":{"rendered":"<p>9 x 9 x 4,4. Pl\u00e1stico. Bocina bluetooth cubierto en tela. En la parte inferior engomado antideslizante con botones para encender o apagar, play\/pausa y responder llamadas. Bot\u00f3n de retroceso y avance, este \u00faltimo, si se mantiene presionado durante unos segundos pasa al siguiente sonido, estos mismos botones permiten aumentar o disminuir el volumen. Entrada USB incluye cable. Lazo de tela color marr\u00f3n que permite colgarlo. Duraci\u00f3n de la bater\u00eda 8 &#8211; 12 hs aprox.<br \/>\nPotencia: 3 Watts x 1<br \/>\nAlcance 10 mts. aprox<\/p>","protected":false},"excerpt":{"rendered":"<p>9 x 9 x 4,4. Pl\u00e1stico. Bocina bluetooth cubierto en tela. En la parte inferior engomado antideslizante con botones para encender o apagar, play\/pausa y responder llamadas. Bot\u00f3n de retroceso y avance, este \u00faltimo, si se mantiene presionado durante unos segundos pasa al siguiente sonido, estos mismos botones permiten aumentar o disminuir el volumen. Entrada [&hellip;]<\/p>","protected":false},"featured_media":34134,"comment_status":"closed","ping_status":"closed","template":"","meta":[],"genre":[],"product_cat":[319,398],"product_tag":[],"class_list":{"0":"post-34771","1":"product","2":"type-product","3":"status-publish","4":"has-post-thumbnail","6":"product_cat-bocinas","7":"product_cat-ver-todo-tecnologia","9":"first","10":"instock","11":"shipping-taxable","12":"purchasable","13":"product-type-simple"},"_links":{"self":[{"href":"https:\/\/amgpromocionales.mx\/en\/wp-json\/wp\/v2\/product\/34771","targetHints":{"allow":["GET"]}}],"collection":[{"href":"https:\/\/amgpromocionales.mx\/en\/wp-json\/wp\/v2\/product"}],"about":[{"href":"https:\/\/amgpromocionales.mx\/en\/wp-json\/wp\/v2\/types\/product"}],"replies":[{"embeddable":true,"href":"https:\/\/amgpromocionales.mx\/en\/wp-json\/wp\/v2\/comments?post=34771"}],"wp:featuredmedia":[{"embeddable":true,"href":"https:\/\/amgpromocionales.mx\/en\/wp-json\/wp\/v2\/media\/34134"}],"wp:attachment":[{"href":"https:\/\/amgpromocionales.mx\/en\/wp-json\/wp\/v2\/media?parent=34771"}],"wp:term":[{"taxonomy":"product_brand","embeddable":true,"href":"https:\/\/amgpromocionales.mx\/en\/wp-json\/wp\/v2\/genre?post=34771"},{"taxonomy":"product_cat","embeddable":true,"href":"https:\/\/amgpromocionales.mx\/en\/wp-json\/wp\/v2\/product_cat?post=34771"},{"taxonomy":"product_tag","embeddable":true,"href":"https:\/\/amgpromocionales.mx\/en\/wp-json\/wp\/v2\/product_tag?post=34771"}],"curies":[{"name":"wp","href":"https:\/\/api.w.org\/{rel}","templated":true}]}}