{"id":34770,"date":"2025-01-12T20:11:37","date_gmt":"2025-01-13T02:11:37","guid":{"rendered":"https:\/\/amgpromocionales.com.mx\/?post_type=product&#038;p=34770"},"modified":"2025-01-21T00:22:48","modified_gmt":"2025-01-21T06:22:48","slug":"bocina-landia","status":"publish","type":"product","link":"https:\/\/amgpromocionales.mx\/en\/shop\/bocina-landia\/","title":{"rendered":"BOCINA LANDIA"},"content":{"rendered":"<p>\u00d8 4,5 x 7 cm. (aprox). Pl\u00e1stico engomado. Mini bocina bluetooth. En la base: goma antideslizante, interruptor de encendido y apagado, bot\u00f3n de reproducci\u00f3n\/pausa, respuesta y finalizaci\u00f3n de llamada. Luz led que indica carga. Micr\u00f3fono que permite responder llamadas. Entrada para aud\u00edfonos y puerto USB para su carga. Estuche con cierre, en su interior un peque\u00f1o bolsillo de red. Incluye cable de carga USB y de audio. Con certificaci\u00f3n de calidad.<br \/>\nPotencia: 2 Watts<\/p>","protected":false},"excerpt":{"rendered":"<p>\u00d8 4,5 x 7 cm. (aprox). Pl\u00e1stico engomado. Mini bocina bluetooth. En la base: goma antideslizante, interruptor de encendido y apagado, bot\u00f3n de reproducci\u00f3n\/pausa, respuesta y finalizaci\u00f3n de llamada. Luz led que indica carga. Micr\u00f3fono que permite responder llamadas. Entrada para aud\u00edfonos y puerto USB para su carga. Estuche con cierre, en su interior un [&hellip;]<\/p>","protected":false},"featured_media":34138,"comment_status":"closed","ping_status":"closed","template":"","meta":[],"genre":[],"product_cat":[319,398],"product_tag":[],"class_list":{"0":"post-34770","1":"product","2":"type-product","3":"status-publish","4":"has-post-thumbnail","6":"product_cat-bocinas","7":"product_cat-ver-todo-tecnologia","9":"first","10":"instock","11":"shipping-taxable","12":"purchasable","13":"product-type-simple"},"_links":{"self":[{"href":"https:\/\/amgpromocionales.mx\/en\/wp-json\/wp\/v2\/product\/34770","targetHints":{"allow":["GET"]}}],"collection":[{"href":"https:\/\/amgpromocionales.mx\/en\/wp-json\/wp\/v2\/product"}],"about":[{"href":"https:\/\/amgpromocionales.mx\/en\/wp-json\/wp\/v2\/types\/product"}],"replies":[{"embeddable":true,"href":"https:\/\/amgpromocionales.mx\/en\/wp-json\/wp\/v2\/comments?post=34770"}],"wp:featuredmedia":[{"embeddable":true,"href":"https:\/\/amgpromocionales.mx\/en\/wp-json\/wp\/v2\/media\/34138"}],"wp:attachment":[{"href":"https:\/\/amgpromocionales.mx\/en\/wp-json\/wp\/v2\/media?parent=34770"}],"wp:term":[{"taxonomy":"product_brand","embeddable":true,"href":"https:\/\/amgpromocionales.mx\/en\/wp-json\/wp\/v2\/genre?post=34770"},{"taxonomy":"product_cat","embeddable":true,"href":"https:\/\/amgpromocionales.mx\/en\/wp-json\/wp\/v2\/product_cat?post=34770"},{"taxonomy":"product_tag","embeddable":true,"href":"https:\/\/amgpromocionales.mx\/en\/wp-json\/wp\/v2\/product_tag?post=34770"}],"curies":[{"name":"wp","href":"https:\/\/api.w.org\/{rel}","templated":true}]}}