{"id":34769,"date":"2025-01-12T20:11:37","date_gmt":"2025-01-13T02:11:37","guid":{"rendered":"https:\/\/amgpromocionales.com.mx\/?post_type=product&#038;p=34769"},"modified":"2025-01-21T00:20:11","modified_gmt":"2025-01-21T06:20:11","slug":"audifonos-funn","status":"publish","type":"product","link":"https:\/\/amgpromocionales.mx\/en\/shop\/audifonos-funn\/","title":{"rendered":"AUD\u00cdFONOS FUNN"},"content":{"rendered":"<p>Pl\u00e1stico. Aud\u00edfonos bluetooth. Cable de 57,5 cm aprox. Sujeci\u00f3n deportiva que asegura una buena fijaci\u00f3n. Botones para aumentar \/ disminuir el volumen, aceptar y rechazar una llamada. En uno de los costados entrada mini usb para recargar la bater\u00eda. Estuche redondo de Eva Pouch.<\/p>","protected":false},"excerpt":{"rendered":"<p>Pl\u00e1stico. Aud\u00edfonos bluetooth. Cable de 57,5 cm aprox. Sujeci\u00f3n deportiva que asegura una buena fijaci\u00f3n. Botones para aumentar \/ disminuir el volumen, aceptar y rechazar una llamada. En uno de los costados entrada mini usb para recargar la bater\u00eda. Estuche redondo de Eva Pouch.<\/p>","protected":false},"featured_media":34140,"comment_status":"closed","ping_status":"closed","template":"","meta":[],"genre":[],"product_cat":[320,398],"product_tag":[],"class_list":{"0":"post-34769","1":"product","2":"type-product","3":"status-publish","4":"has-post-thumbnail","6":"product_cat-audifonos","7":"product_cat-ver-todo-tecnologia","9":"first","10":"instock","11":"shipping-taxable","12":"purchasable","13":"product-type-simple"},"_links":{"self":[{"href":"https:\/\/amgpromocionales.mx\/en\/wp-json\/wp\/v2\/product\/34769","targetHints":{"allow":["GET"]}}],"collection":[{"href":"https:\/\/amgpromocionales.mx\/en\/wp-json\/wp\/v2\/product"}],"about":[{"href":"https:\/\/amgpromocionales.mx\/en\/wp-json\/wp\/v2\/types\/product"}],"replies":[{"embeddable":true,"href":"https:\/\/amgpromocionales.mx\/en\/wp-json\/wp\/v2\/comments?post=34769"}],"wp:featuredmedia":[{"embeddable":true,"href":"https:\/\/amgpromocionales.mx\/en\/wp-json\/wp\/v2\/media\/34140"}],"wp:attachment":[{"href":"https:\/\/amgpromocionales.mx\/en\/wp-json\/wp\/v2\/media?parent=34769"}],"wp:term":[{"taxonomy":"product_brand","embeddable":true,"href":"https:\/\/amgpromocionales.mx\/en\/wp-json\/wp\/v2\/genre?post=34769"},{"taxonomy":"product_cat","embeddable":true,"href":"https:\/\/amgpromocionales.mx\/en\/wp-json\/wp\/v2\/product_cat?post=34769"},{"taxonomy":"product_tag","embeddable":true,"href":"https:\/\/amgpromocionales.mx\/en\/wp-json\/wp\/v2\/product_tag?post=34769"}],"curies":[{"name":"wp","href":"https:\/\/api.w.org\/{rel}","templated":true}]}}