{"id":34627,"date":"2025-01-12T20:07:11","date_gmt":"2025-01-13T02:07:11","guid":{"rendered":"https:\/\/amgpromocionales.com.mx\/?post_type=product&#038;p=34627"},"modified":"2025-01-20T23:31:13","modified_gmt":"2025-01-21T05:31:13","slug":"boligrafo-touch-centauro","status":"publish","type":"product","link":"https:\/\/amgpromocionales.mx\/en\/shop\/boligrafo-touch-centauro\/","title":{"rendered":"BOLIGRAFO TOUCH CENTAURO"},"content":{"rendered":"<p>Met\u00e1lico. Pulsador touch color plata. Clip met\u00e1lico. Cuerpo negro mate. Destapa electro plateado en parte superior e inferior del bol\u00edgrafo.<\/p>","protected":false},"excerpt":{"rendered":"<p>Met\u00e1lico. Pulsador touch color plata. Clip met\u00e1lico. Cuerpo negro mate. Destapa electro plateado en parte superior e inferior del bol\u00edgrafo.<\/p>","protected":false},"featured_media":34397,"comment_status":"closed","ping_status":"closed","template":"","meta":[],"genre":[],"product_cat":[265,392],"product_tag":[],"class_list":{"0":"post-34627","1":"product","2":"type-product","3":"status-publish","4":"has-post-thumbnail","6":"product_cat-boligrafos-metalicos","7":"product_cat-ver-todo-boligrafos-y-lapices","9":"first","10":"instock","11":"shipping-taxable","12":"purchasable","13":"product-type-simple"},"_links":{"self":[{"href":"https:\/\/amgpromocionales.mx\/en\/wp-json\/wp\/v2\/product\/34627","targetHints":{"allow":["GET"]}}],"collection":[{"href":"https:\/\/amgpromocionales.mx\/en\/wp-json\/wp\/v2\/product"}],"about":[{"href":"https:\/\/amgpromocionales.mx\/en\/wp-json\/wp\/v2\/types\/product"}],"replies":[{"embeddable":true,"href":"https:\/\/amgpromocionales.mx\/en\/wp-json\/wp\/v2\/comments?post=34627"}],"wp:featuredmedia":[{"embeddable":true,"href":"https:\/\/amgpromocionales.mx\/en\/wp-json\/wp\/v2\/media\/34397"}],"wp:attachment":[{"href":"https:\/\/amgpromocionales.mx\/en\/wp-json\/wp\/v2\/media?parent=34627"}],"wp:term":[{"taxonomy":"product_brand","embeddable":true,"href":"https:\/\/amgpromocionales.mx\/en\/wp-json\/wp\/v2\/genre?post=34627"},{"taxonomy":"product_cat","embeddable":true,"href":"https:\/\/amgpromocionales.mx\/en\/wp-json\/wp\/v2\/product_cat?post=34627"},{"taxonomy":"product_tag","embeddable":true,"href":"https:\/\/amgpromocionales.mx\/en\/wp-json\/wp\/v2\/product_tag?post=34627"}],"curies":[{"name":"wp","href":"https:\/\/api.w.org\/{rel}","templated":true}]}}