{"id":34618,"date":"2025-01-12T20:07:09","date_gmt":"2025-01-13T02:07:09","guid":{"rendered":"https:\/\/amgpromocionales.com.mx\/?post_type=product&#038;p=34618"},"modified":"2025-01-20T23:31:15","modified_gmt":"2025-01-21T05:31:15","slug":"boligrafo-touch-mikonos","status":"publish","type":"product","link":"https:\/\/amgpromocionales.mx\/en\/shop\/boligrafo-touch-mikonos\/","title":{"rendered":"BOLIGRAFO TOUCH MIKONOS"},"content":{"rendered":"<p>Met\u00e1lico. Cuerpo color plata. Clip color negro mate, apertura giratoria con puntera touch. Cartucho met\u00e1lico. Tinta negra. Estuche de cart\u00f3n. Decape cobrizo claro. Presentaci\u00f3n en caja de regalo.<\/p>","protected":false},"excerpt":{"rendered":"<p>Met\u00e1lico. Cuerpo color plata. Clip color negro mate, apertura giratoria con puntera touch. Cartucho met\u00e1lico. Tinta negra. Estuche de cart\u00f3n. Decape cobrizo claro. Presentaci\u00f3n en caja de regalo.<\/p>","protected":false},"featured_media":34407,"comment_status":"closed","ping_status":"closed","template":"","meta":[],"genre":[],"product_cat":[265,392],"product_tag":[],"class_list":{"0":"post-34618","1":"product","2":"type-product","3":"status-publish","4":"has-post-thumbnail","6":"product_cat-boligrafos-metalicos","7":"product_cat-ver-todo-boligrafos-y-lapices","9":"first","10":"instock","11":"shipping-taxable","12":"purchasable","13":"product-type-simple"},"_links":{"self":[{"href":"https:\/\/amgpromocionales.mx\/en\/wp-json\/wp\/v2\/product\/34618","targetHints":{"allow":["GET"]}}],"collection":[{"href":"https:\/\/amgpromocionales.mx\/en\/wp-json\/wp\/v2\/product"}],"about":[{"href":"https:\/\/amgpromocionales.mx\/en\/wp-json\/wp\/v2\/types\/product"}],"replies":[{"embeddable":true,"href":"https:\/\/amgpromocionales.mx\/en\/wp-json\/wp\/v2\/comments?post=34618"}],"wp:featuredmedia":[{"embeddable":true,"href":"https:\/\/amgpromocionales.mx\/en\/wp-json\/wp\/v2\/media\/34407"}],"wp:attachment":[{"href":"https:\/\/amgpromocionales.mx\/en\/wp-json\/wp\/v2\/media?parent=34618"}],"wp:term":[{"taxonomy":"product_brand","embeddable":true,"href":"https:\/\/amgpromocionales.mx\/en\/wp-json\/wp\/v2\/genre?post=34618"},{"taxonomy":"product_cat","embeddable":true,"href":"https:\/\/amgpromocionales.mx\/en\/wp-json\/wp\/v2\/product_cat?post=34618"},{"taxonomy":"product_tag","embeddable":true,"href":"https:\/\/amgpromocionales.mx\/en\/wp-json\/wp\/v2\/product_tag?post=34618"}],"curies":[{"name":"wp","href":"https:\/\/api.w.org\/{rel}","templated":true}]}}