{"id":34615,"date":"2025-01-12T20:07:09","date_gmt":"2025-01-13T02:07:09","guid":{"rendered":"https:\/\/amgpromocionales.com.mx\/?post_type=product&#038;p=34615"},"modified":"2025-01-20T23:31:14","modified_gmt":"2025-01-21T05:31:14","slug":"set-de-boligrafo-y-lapiz-mecanico-de-bambu-nagano","status":"publish","type":"product","link":"https:\/\/amgpromocionales.mx\/en\/shop\/set-de-boligrafo-y-lapiz-mecanico-de-bambu-nagano\/","title":{"rendered":"SET DE BOLIGRAFO Y L\u00c1PIZ MEC\u00c1NICO DE BAMB\u00da NAGANO"},"content":{"rendered":"<p>Bamb\u00fa. Set de bol\u00edgrafo y l\u00e1piz mec\u00e1nico. Cuerpo de bamb\u00fa. Clip met\u00e1lico. Puntera y pulsador de pl\u00e1stico. Tinta negra. El bol\u00edgrafo con puntera touch. En caja de cart\u00f3n que simula ser madera.<\/p>","protected":false},"excerpt":{"rendered":"<p>Bamb\u00fa. Set de bol\u00edgrafo y l\u00e1piz mec\u00e1nico. Cuerpo de bamb\u00fa. Clip met\u00e1lico. Puntera y pulsador de pl\u00e1stico. Tinta negra. El bol\u00edgrafo con puntera touch. En caja de cart\u00f3n que simula ser madera.<\/p>","protected":false},"featured_media":34449,"comment_status":"closed","ping_status":"closed","template":"","meta":[],"genre":[],"product_cat":[265,392],"product_tag":[],"class_list":{"0":"post-34615","1":"product","2":"type-product","3":"status-publish","4":"has-post-thumbnail","6":"product_cat-boligrafos-metalicos","7":"product_cat-ver-todo-boligrafos-y-lapices","9":"first","10":"instock","11":"shipping-taxable","12":"purchasable","13":"product-type-simple"},"_links":{"self":[{"href":"https:\/\/amgpromocionales.mx\/en\/wp-json\/wp\/v2\/product\/34615","targetHints":{"allow":["GET"]}}],"collection":[{"href":"https:\/\/amgpromocionales.mx\/en\/wp-json\/wp\/v2\/product"}],"about":[{"href":"https:\/\/amgpromocionales.mx\/en\/wp-json\/wp\/v2\/types\/product"}],"replies":[{"embeddable":true,"href":"https:\/\/amgpromocionales.mx\/en\/wp-json\/wp\/v2\/comments?post=34615"}],"wp:featuredmedia":[{"embeddable":true,"href":"https:\/\/amgpromocionales.mx\/en\/wp-json\/wp\/v2\/media\/34449"}],"wp:attachment":[{"href":"https:\/\/amgpromocionales.mx\/en\/wp-json\/wp\/v2\/media?parent=34615"}],"wp:term":[{"taxonomy":"product_brand","embeddable":true,"href":"https:\/\/amgpromocionales.mx\/en\/wp-json\/wp\/v2\/genre?post=34615"},{"taxonomy":"product_cat","embeddable":true,"href":"https:\/\/amgpromocionales.mx\/en\/wp-json\/wp\/v2\/product_cat?post=34615"},{"taxonomy":"product_tag","embeddable":true,"href":"https:\/\/amgpromocionales.mx\/en\/wp-json\/wp\/v2\/product_tag?post=34615"}],"curies":[{"name":"wp","href":"https:\/\/api.w.org\/{rel}","templated":true}]}}