{"id":34599,"date":"2025-01-12T20:06:45","date_gmt":"2025-01-13T02:06:45","guid":{"rendered":"https:\/\/amgpromocionales.com.mx\/?post_type=product&#038;p=34599"},"modified":"2025-01-20T23:31:16","modified_gmt":"2025-01-21T05:31:16","slug":"boligrafo-london-ii","status":"publish","type":"product","link":"https:\/\/amgpromocionales.mx\/en\/shop\/boligrafo-london-ii\/","title":{"rendered":"BOL\u00cdGRAFO LONDON II"},"content":{"rendered":"<p>Metal. Cuerpo met\u00e1lico engomado. Destape electroplateado en la parte superior.\u00a0Clip y detalles met\u00e1licos color plata. Tinta negra. Estuche con cierre magn\u00e9tico. \u00c1rea de impresi\u00f3n: \u00d8 0,8 x 5 cm. Presentaci\u00f3n en caja de regalo.<\/p>","protected":false},"excerpt":{"rendered":"<p>Metal. Cuerpo met\u00e1lico engomado. Destape electroplateado en la parte superior.\u00a0Clip y detalles met\u00e1licos color plata. Tinta negra. Estuche con cierre magn\u00e9tico. \u00c1rea de impresi\u00f3n: \u00d8 0,8 x 5 cm. Presentaci\u00f3n en caja de regalo.<\/p>","protected":false},"featured_media":34547,"comment_status":"closed","ping_status":"closed","template":"","meta":[],"genre":[],"product_cat":[265,392],"product_tag":[],"class_list":{"0":"post-34599","1":"product","2":"type-product","3":"status-publish","4":"has-post-thumbnail","6":"product_cat-boligrafos-metalicos","7":"product_cat-ver-todo-boligrafos-y-lapices","9":"first","10":"instock","11":"shipping-taxable","12":"purchasable","13":"product-type-simple"},"_links":{"self":[{"href":"https:\/\/amgpromocionales.mx\/en\/wp-json\/wp\/v2\/product\/34599","targetHints":{"allow":["GET"]}}],"collection":[{"href":"https:\/\/amgpromocionales.mx\/en\/wp-json\/wp\/v2\/product"}],"about":[{"href":"https:\/\/amgpromocionales.mx\/en\/wp-json\/wp\/v2\/types\/product"}],"replies":[{"embeddable":true,"href":"https:\/\/amgpromocionales.mx\/en\/wp-json\/wp\/v2\/comments?post=34599"}],"wp:featuredmedia":[{"embeddable":true,"href":"https:\/\/amgpromocionales.mx\/en\/wp-json\/wp\/v2\/media\/34547"}],"wp:attachment":[{"href":"https:\/\/amgpromocionales.mx\/en\/wp-json\/wp\/v2\/media?parent=34599"}],"wp:term":[{"taxonomy":"product_brand","embeddable":true,"href":"https:\/\/amgpromocionales.mx\/en\/wp-json\/wp\/v2\/genre?post=34599"},{"taxonomy":"product_cat","embeddable":true,"href":"https:\/\/amgpromocionales.mx\/en\/wp-json\/wp\/v2\/product_cat?post=34599"},{"taxonomy":"product_tag","embeddable":true,"href":"https:\/\/amgpromocionales.mx\/en\/wp-json\/wp\/v2\/product_tag?post=34599"}],"curies":[{"name":"wp","href":"https:\/\/api.w.org\/{rel}","templated":true}]}}