{"id":30958,"date":"2025-01-10T23:16:56","date_gmt":"2025-01-11T05:16:56","guid":{"rendered":"https:\/\/amgpromocionales.com.mx\/?post_type=product&#038;p=30958"},"modified":"2025-01-20T23:11:50","modified_gmt":"2025-01-21T05:11:50","slug":"botella-termica-montana","status":"publish","type":"product","link":"https:\/\/amgpromocionales.mx\/en\/shop\/botella-termica-montana\/","title":{"rendered":"BOTELLA T\u00c9RMICA MONTANA"},"content":{"rendered":"<p>\u00d8 7cm x 25.5 cm. Capacidad 500 ml. Acero inoxidable. Botella doble pared, sellada al vac\u00edo. Interior de acero 304 y exterior de acero 201. Tapa pl\u00e1stica PP + Anillo de silicona antiderrame. Posee adem\u00e1s tira de color gris de 12 cm de largo. Ideal para llevarla a todos lados. Mantiene hasta 12 hs la temperatura de las bebidas calientes y 24 hs de las bebidas fr\u00edas. Presentaci\u00f3n en caja de regalo Kraft.<\/p>","protected":false},"excerpt":{"rendered":"<p>\u00d8 7cm x 25.5 cm. Capacidad 500 ml. Acero inoxidable. Botella doble pared, sellada al vac\u00edo. Interior de acero 304 y exterior de acero 201. Tapa pl\u00e1stica PP + Anillo de silicona antiderrame. Posee adem\u00e1s tira de color gris de 12 cm de largo. Ideal para llevarla a todos lados. Mantiene hasta 12 hs la [&hellip;]<\/p>","protected":false},"featured_media":18893,"comment_status":"closed","ping_status":"closed","template":"","meta":[],"genre":[],"product_cat":[323,391],"product_tag":[],"class_list":{"0":"post-30958","1":"product","2":"type-product","3":"status-publish","4":"has-post-thumbnail","6":"product_cat-termos","7":"product_cat-ver-todo-bebidas","9":"first","10":"instock","11":"shipping-taxable","12":"purchasable","13":"product-type-simple"},"_links":{"self":[{"href":"https:\/\/amgpromocionales.mx\/en\/wp-json\/wp\/v2\/product\/30958","targetHints":{"allow":["GET"]}}],"collection":[{"href":"https:\/\/amgpromocionales.mx\/en\/wp-json\/wp\/v2\/product"}],"about":[{"href":"https:\/\/amgpromocionales.mx\/en\/wp-json\/wp\/v2\/types\/product"}],"replies":[{"embeddable":true,"href":"https:\/\/amgpromocionales.mx\/en\/wp-json\/wp\/v2\/comments?post=30958"}],"wp:featuredmedia":[{"embeddable":true,"href":"https:\/\/amgpromocionales.mx\/en\/wp-json\/wp\/v2\/media\/18893"}],"wp:attachment":[{"href":"https:\/\/amgpromocionales.mx\/en\/wp-json\/wp\/v2\/media?parent=30958"}],"wp:term":[{"taxonomy":"product_brand","embeddable":true,"href":"https:\/\/amgpromocionales.mx\/en\/wp-json\/wp\/v2\/genre?post=30958"},{"taxonomy":"product_cat","embeddable":true,"href":"https:\/\/amgpromocionales.mx\/en\/wp-json\/wp\/v2\/product_cat?post=30958"},{"taxonomy":"product_tag","embeddable":true,"href":"https:\/\/amgpromocionales.mx\/en\/wp-json\/wp\/v2\/product_tag?post=30958"}],"curies":[{"name":"wp","href":"https:\/\/api.w.org\/{rel}","templated":true}]}}