{"id":30902,"date":"2025-01-10T23:09:34","date_gmt":"2025-01-11T05:09:34","guid":{"rendered":"https:\/\/amgpromocionales.com.mx\/?post_type=product&#038;p=30902"},"modified":"2025-01-19T17:21:52","modified_gmt":"2025-01-19T23:21:52","slug":"llavero-metalico-house","status":"publish","type":"product","link":"https:\/\/amgpromocionales.mx\/en\/shop\/llavero-metalico-house\/","title":{"rendered":"LLAVERO MET\u00c1LICO HOUSE"},"content":{"rendered":"<p>3,9 x 3,4 cm. Met\u00e1lico. Llavero en forma de casa. Presentaci\u00f3n en caja de regalo.<\/p>","protected":false},"excerpt":{"rendered":"<p>3,9 x 3,4 cm. Met\u00e1lico. Llavero en forma de casa. Presentaci\u00f3n en caja de regalo.<\/p>","protected":false},"featured_media":19287,"comment_status":"closed","ping_status":"closed","template":"","meta":[],"genre":[],"product_cat":[308],"product_tag":[],"class_list":{"0":"post-30902","1":"product","2":"type-product","3":"status-publish","4":"has-post-thumbnail","6":"product_cat-llaveros","8":"first","9":"instock","10":"shipping-taxable","11":"purchasable","12":"product-type-simple"},"_links":{"self":[{"href":"https:\/\/amgpromocionales.mx\/en\/wp-json\/wp\/v2\/product\/30902","targetHints":{"allow":["GET"]}}],"collection":[{"href":"https:\/\/amgpromocionales.mx\/en\/wp-json\/wp\/v2\/product"}],"about":[{"href":"https:\/\/amgpromocionales.mx\/en\/wp-json\/wp\/v2\/types\/product"}],"replies":[{"embeddable":true,"href":"https:\/\/amgpromocionales.mx\/en\/wp-json\/wp\/v2\/comments?post=30902"}],"wp:featuredmedia":[{"embeddable":true,"href":"https:\/\/amgpromocionales.mx\/en\/wp-json\/wp\/v2\/media\/19287"}],"wp:attachment":[{"href":"https:\/\/amgpromocionales.mx\/en\/wp-json\/wp\/v2\/media?parent=30902"}],"wp:term":[{"taxonomy":"product_brand","embeddable":true,"href":"https:\/\/amgpromocionales.mx\/en\/wp-json\/wp\/v2\/genre?post=30902"},{"taxonomy":"product_cat","embeddable":true,"href":"https:\/\/amgpromocionales.mx\/en\/wp-json\/wp\/v2\/product_cat?post=30902"},{"taxonomy":"product_tag","embeddable":true,"href":"https:\/\/amgpromocionales.mx\/en\/wp-json\/wp\/v2\/product_tag?post=30902"}],"curies":[{"name":"wp","href":"https:\/\/api.w.org\/{rel}","templated":true}]}}