{"id":30782,"date":"2025-01-10T22:40:51","date_gmt":"2025-01-11T04:40:51","guid":{"rendered":"https:\/\/amgpromocionales.com.mx\/?post_type=product&#038;p=30782"},"modified":"2025-01-19T17:21:50","modified_gmt":"2025-01-19T23:21:50","slug":"cangurera-reflective","status":"publish","type":"product","link":"https:\/\/amgpromocionales.mx\/en\/shop\/cangurera-reflective\/","title":{"rendered":"CANGURERA REFLECTIVE"},"content":{"rendered":"<p>23 cm.\u00a0x 5 cm. Poliamida. Cangurera \/ ri\u00f1onera deportiva. Unico compartimento con cierre met\u00e1lico, salida para auriculares, faja reflectante y correas el\u00e1sticas con longitud aproximada de 88 cm. El material es impermeable.<\/p>","protected":false},"excerpt":{"rendered":"<p>23 cm.\u00a0x 5 cm. Poliamida. Cangurera \/ ri\u00f1onera deportiva. Unico compartimento con cierre met\u00e1lico, salida para auriculares, faja reflectante y correas el\u00e1sticas con longitud aproximada de 88 cm. El material es impermeable.<\/p>","protected":false},"featured_media":19591,"comment_status":"closed","ping_status":"closed","template":"","meta":[],"genre":[],"product_cat":[268],"product_tag":[],"class_list":{"0":"post-30782","1":"product","2":"type-product","3":"status-publish","4":"has-post-thumbnail","6":"product_cat-textiles","8":"first","9":"instock","10":"shipping-taxable","11":"purchasable","12":"product-type-simple"},"_links":{"self":[{"href":"https:\/\/amgpromocionales.mx\/en\/wp-json\/wp\/v2\/product\/30782","targetHints":{"allow":["GET"]}}],"collection":[{"href":"https:\/\/amgpromocionales.mx\/en\/wp-json\/wp\/v2\/product"}],"about":[{"href":"https:\/\/amgpromocionales.mx\/en\/wp-json\/wp\/v2\/types\/product"}],"replies":[{"embeddable":true,"href":"https:\/\/amgpromocionales.mx\/en\/wp-json\/wp\/v2\/comments?post=30782"}],"wp:featuredmedia":[{"embeddable":true,"href":"https:\/\/amgpromocionales.mx\/en\/wp-json\/wp\/v2\/media\/19591"}],"wp:attachment":[{"href":"https:\/\/amgpromocionales.mx\/en\/wp-json\/wp\/v2\/media?parent=30782"}],"wp:term":[{"taxonomy":"product_brand","embeddable":true,"href":"https:\/\/amgpromocionales.mx\/en\/wp-json\/wp\/v2\/genre?post=30782"},{"taxonomy":"product_cat","embeddable":true,"href":"https:\/\/amgpromocionales.mx\/en\/wp-json\/wp\/v2\/product_cat?post=30782"},{"taxonomy":"product_tag","embeddable":true,"href":"https:\/\/amgpromocionales.mx\/en\/wp-json\/wp\/v2\/product_tag?post=30782"}],"curies":[{"name":"wp","href":"https:\/\/api.w.org\/{rel}","templated":true}]}}