{"id":23008,"date":"2025-01-10T19:47:17","date_gmt":"2025-01-11T01:47:17","guid":{"rendered":"https:\/\/amgpromocionales.com.mx\/?post_type=product&#038;p=23008"},"modified":"2025-01-20T23:11:58","modified_gmt":"2025-01-21T05:11:58","slug":"botella-termica-muak","status":"publish","type":"product","link":"https:\/\/amgpromocionales.mx\/en\/shop\/botella-termica-muak\/","title":{"rendered":"BOTELLA T\u00c9RMICA MUAK"},"content":{"rendered":"<p>\u00d8 6,5 x 26,5 cm. Capacidad 500 ml. Acero inoxidable. Botella doble pared, sellada al vac\u00edo. Interior de acero 304 y exterior de acero 201. Tapa a rosca y base met\u00e1lica color plata. Mantiene\u00a0hasta\u00a012 hs la temperatura de las bebidas calientes y 24 hs de las bebidas fr\u00edas. Presentaci\u00f3n en caja de regalo.<\/p>","protected":false},"excerpt":{"rendered":"<p>\u00d8 6,5 x 26,5 cm. Capacidad 500 ml. Acero inoxidable. Botella doble pared, sellada al vac\u00edo. Interior de acero 304 y exterior de acero 201. Tapa a rosca y base met\u00e1lica color plata. Mantiene\u00a0hasta\u00a012 hs la temperatura de las bebidas calientes y 24 hs de las bebidas fr\u00edas. Presentaci\u00f3n en caja de regalo.<\/p>","protected":false},"featured_media":18982,"comment_status":"closed","ping_status":"closed","template":"","meta":[],"genre":[],"product_cat":[323,391],"product_tag":[],"class_list":{"0":"post-23008","1":"product","2":"type-product","3":"status-publish","4":"has-post-thumbnail","6":"product_cat-termos","7":"product_cat-ver-todo-bebidas","9":"first","10":"instock","11":"shipping-taxable","12":"purchasable","13":"product-type-variable"},"_links":{"self":[{"href":"https:\/\/amgpromocionales.mx\/en\/wp-json\/wp\/v2\/product\/23008","targetHints":{"allow":["GET"]}}],"collection":[{"href":"https:\/\/amgpromocionales.mx\/en\/wp-json\/wp\/v2\/product"}],"about":[{"href":"https:\/\/amgpromocionales.mx\/en\/wp-json\/wp\/v2\/types\/product"}],"replies":[{"embeddable":true,"href":"https:\/\/amgpromocionales.mx\/en\/wp-json\/wp\/v2\/comments?post=23008"}],"wp:featuredmedia":[{"embeddable":true,"href":"https:\/\/amgpromocionales.mx\/en\/wp-json\/wp\/v2\/media\/18982"}],"wp:attachment":[{"href":"https:\/\/amgpromocionales.mx\/en\/wp-json\/wp\/v2\/media?parent=23008"}],"wp:term":[{"taxonomy":"product_brand","embeddable":true,"href":"https:\/\/amgpromocionales.mx\/en\/wp-json\/wp\/v2\/genre?post=23008"},{"taxonomy":"product_cat","embeddable":true,"href":"https:\/\/amgpromocionales.mx\/en\/wp-json\/wp\/v2\/product_cat?post=23008"},{"taxonomy":"product_tag","embeddable":true,"href":"https:\/\/amgpromocionales.mx\/en\/wp-json\/wp\/v2\/product_tag?post=23008"}],"curies":[{"name":"wp","href":"https:\/\/api.w.org\/{rel}","templated":true}]}}