{"id":22996,"date":"2025-01-10T19:47:01","date_gmt":"2025-01-11T01:47:01","guid":{"rendered":"https:\/\/amgpromocionales.com.mx\/?post_type=product&#038;p=22996"},"modified":"2025-01-20T23:11:59","modified_gmt":"2025-01-21T05:11:59","slug":"mug-big","status":"publish","type":"product","link":"https:\/\/amgpromocionales.mx\/en\/shop\/mug-big\/","title":{"rendered":"MUG BIG"},"content":{"rendered":"<p>\u00d8 10 x 20 cm. Capacidad 850 ml. Acero Inoxidable. Mug doble pared, interior en acero 304 y exterior en acero 201. Pintura Powder Coat\u00a0(pintura mas duradera y resistente a la corrosi\u00f3n y el paso del tiempo). Tapa pl\u00e1stica transparente a presi\u00f3n con cierre antiderrame. Mantiene las bebidas fr\u00edas o calientes por m\u00e1s tiempo. Presentaci\u00f3n en caja de regalo.<\/p>","protected":false},"excerpt":{"rendered":"<p>\u00d8 10 x 20 cm. Capacidad 850 ml. Acero Inoxidable. Mug doble pared, interior en acero 304 y exterior en acero 201. Pintura Powder Coat\u00a0(pintura mas duradera y resistente a la corrosi\u00f3n y el paso del tiempo). Tapa pl\u00e1stica transparente a presi\u00f3n con cierre antiderrame. Mantiene las bebidas fr\u00edas o calientes por m\u00e1s tiempo. Presentaci\u00f3n [&hellip;]<\/p>","protected":false},"featured_media":19021,"comment_status":"closed","ping_status":"closed","template":"","meta":[],"genre":[],"product_cat":[323,391],"product_tag":[],"class_list":{"0":"post-22996","1":"product","2":"type-product","3":"status-publish","4":"has-post-thumbnail","6":"product_cat-termos","7":"product_cat-ver-todo-bebidas","9":"first","10":"instock","11":"shipping-taxable","12":"purchasable","13":"product-type-variable"},"_links":{"self":[{"href":"https:\/\/amgpromocionales.mx\/en\/wp-json\/wp\/v2\/product\/22996","targetHints":{"allow":["GET"]}}],"collection":[{"href":"https:\/\/amgpromocionales.mx\/en\/wp-json\/wp\/v2\/product"}],"about":[{"href":"https:\/\/amgpromocionales.mx\/en\/wp-json\/wp\/v2\/types\/product"}],"replies":[{"embeddable":true,"href":"https:\/\/amgpromocionales.mx\/en\/wp-json\/wp\/v2\/comments?post=22996"}],"wp:featuredmedia":[{"embeddable":true,"href":"https:\/\/amgpromocionales.mx\/en\/wp-json\/wp\/v2\/media\/19021"}],"wp:attachment":[{"href":"https:\/\/amgpromocionales.mx\/en\/wp-json\/wp\/v2\/media?parent=22996"}],"wp:term":[{"taxonomy":"product_brand","embeddable":true,"href":"https:\/\/amgpromocionales.mx\/en\/wp-json\/wp\/v2\/genre?post=22996"},{"taxonomy":"product_cat","embeddable":true,"href":"https:\/\/amgpromocionales.mx\/en\/wp-json\/wp\/v2\/product_cat?post=22996"},{"taxonomy":"product_tag","embeddable":true,"href":"https:\/\/amgpromocionales.mx\/en\/wp-json\/wp\/v2\/product_tag?post=22996"}],"curies":[{"name":"wp","href":"https:\/\/api.w.org\/{rel}","templated":true}]}}