{"id":22995,"date":"2025-01-10T19:47:00","date_gmt":"2025-01-11T01:47:00","guid":{"rendered":"https:\/\/amgpromocionales.com.mx\/?post_type=product&#038;p=22995"},"modified":"2025-01-20T23:11:59","modified_gmt":"2025-01-21T05:11:59","slug":"mug-bronx","status":"publish","type":"product","link":"https:\/\/amgpromocionales.mx\/en\/shop\/mug-bronx\/","title":{"rendered":"MUG BRONX"},"content":{"rendered":"<p>\u00d8 6 x 19,5 cm. Capacidad 350 ml.\u00a0 Acero inoxidable. Mug doble pared Interior acero 304 y exterior acero 201. Tapa a rosca, bot\u00f3n para abrir y cerrar. Lazo para sujetar en la mu\u00f1eca. Base antideslizante. Mantiene las bebidas fr\u00edas o calientes por m\u00e1s tiempo. Presentaci\u00f3n en caja de regalo.<\/p>","protected":false},"excerpt":{"rendered":"<p>\u00d8 6 x 19,5 cm. Capacidad 350 ml.\u00a0 Acero inoxidable. Mug doble pared Interior acero 304 y exterior acero 201. Tapa a rosca, bot\u00f3n para abrir y cerrar. Lazo para sujetar en la mu\u00f1eca. Base antideslizante. Mantiene las bebidas fr\u00edas o calientes por m\u00e1s tiempo. Presentaci\u00f3n en caja de regalo.<\/p>","protected":false},"featured_media":19026,"comment_status":"closed","ping_status":"closed","template":"","meta":[],"genre":[],"product_cat":[323,391],"product_tag":[],"class_list":{"0":"post-22995","1":"product","2":"type-product","3":"status-publish","4":"has-post-thumbnail","6":"product_cat-termos","7":"product_cat-ver-todo-bebidas","9":"first","10":"instock","11":"shipping-taxable","12":"purchasable","13":"product-type-variable"},"_links":{"self":[{"href":"https:\/\/amgpromocionales.mx\/en\/wp-json\/wp\/v2\/product\/22995","targetHints":{"allow":["GET"]}}],"collection":[{"href":"https:\/\/amgpromocionales.mx\/en\/wp-json\/wp\/v2\/product"}],"about":[{"href":"https:\/\/amgpromocionales.mx\/en\/wp-json\/wp\/v2\/types\/product"}],"replies":[{"embeddable":true,"href":"https:\/\/amgpromocionales.mx\/en\/wp-json\/wp\/v2\/comments?post=22995"}],"wp:featuredmedia":[{"embeddable":true,"href":"https:\/\/amgpromocionales.mx\/en\/wp-json\/wp\/v2\/media\/19026"}],"wp:attachment":[{"href":"https:\/\/amgpromocionales.mx\/en\/wp-json\/wp\/v2\/media?parent=22995"}],"wp:term":[{"taxonomy":"product_brand","embeddable":true,"href":"https:\/\/amgpromocionales.mx\/en\/wp-json\/wp\/v2\/genre?post=22995"},{"taxonomy":"product_cat","embeddable":true,"href":"https:\/\/amgpromocionales.mx\/en\/wp-json\/wp\/v2\/product_cat?post=22995"},{"taxonomy":"product_tag","embeddable":true,"href":"https:\/\/amgpromocionales.mx\/en\/wp-json\/wp\/v2\/product_tag?post=22995"}],"curies":[{"name":"wp","href":"https:\/\/api.w.org\/{rel}","templated":true}]}}