{"id":22811,"date":"2025-01-10T19:39:49","date_gmt":"2025-01-11T01:39:49","guid":{"rendered":"https:\/\/amgpromocionales.com.mx\/?post_type=product&#038;p=22811"},"modified":"2025-01-20T23:13:26","modified_gmt":"2025-01-21T05:13:26","slug":"botella-termica-gaudi","status":"publish","type":"product","link":"https:\/\/amgpromocionales.mx\/en\/shop\/botella-termica-gaudi\/","title":{"rendered":"BOTELLA T\u00c9RMICA GAUD\u00cd"},"content":{"rendered":"<p>\u00d8 7,6 x 26,5 cm. Capacidad 600 ml. Acero inoxidable. Botella doble pared, sellada al vac\u00edo. Interior en acero 304 y exterior en acero 201. Pintura en colores mate. Tapa combinada en pl\u00e1stico del mismo color de la botella y acero inoxidable 201. Mantiene\u00a0hasta 12 hs la temperatura de las bebidas calientes y 24 hs de las bebidas fr\u00edas.\u00a0 Presentaci\u00f3n en caja de regalo.<\/p>","protected":false},"excerpt":{"rendered":"<p>\u00d8 7,6 x 26,5 cm. Capacidad 600 ml. Acero inoxidable. Botella doble pared, sellada al vac\u00edo. Interior en acero 304 y exterior en acero 201. Pintura en colores mate. Tapa combinada en pl\u00e1stico del mismo color de la botella y acero inoxidable 201. Mantiene\u00a0hasta 12 hs la temperatura de las bebidas calientes y 24 hs [&hellip;]<\/p>","protected":false},"featured_media":19381,"comment_status":"closed","ping_status":"closed","template":"","meta":[],"genre":[],"product_cat":[323,391],"product_tag":[],"class_list":{"0":"post-22811","1":"product","2":"type-product","3":"status-publish","4":"has-post-thumbnail","6":"product_cat-termos","7":"product_cat-ver-todo-bebidas","9":"first","10":"outofstock","11":"shipping-taxable","12":"product-type-variable"},"_links":{"self":[{"href":"https:\/\/amgpromocionales.mx\/en\/wp-json\/wp\/v2\/product\/22811","targetHints":{"allow":["GET"]}}],"collection":[{"href":"https:\/\/amgpromocionales.mx\/en\/wp-json\/wp\/v2\/product"}],"about":[{"href":"https:\/\/amgpromocionales.mx\/en\/wp-json\/wp\/v2\/types\/product"}],"replies":[{"embeddable":true,"href":"https:\/\/amgpromocionales.mx\/en\/wp-json\/wp\/v2\/comments?post=22811"}],"wp:featuredmedia":[{"embeddable":true,"href":"https:\/\/amgpromocionales.mx\/en\/wp-json\/wp\/v2\/media\/19381"}],"wp:attachment":[{"href":"https:\/\/amgpromocionales.mx\/en\/wp-json\/wp\/v2\/media?parent=22811"}],"wp:term":[{"taxonomy":"product_brand","embeddable":true,"href":"https:\/\/amgpromocionales.mx\/en\/wp-json\/wp\/v2\/genre?post=22811"},{"taxonomy":"product_cat","embeddable":true,"href":"https:\/\/amgpromocionales.mx\/en\/wp-json\/wp\/v2\/product_cat?post=22811"},{"taxonomy":"product_tag","embeddable":true,"href":"https:\/\/amgpromocionales.mx\/en\/wp-json\/wp\/v2\/product_tag?post=22811"}],"curies":[{"name":"wp","href":"https:\/\/api.w.org\/{rel}","templated":true}]}}