{"id":22709,"date":"2025-01-10T19:37:41","date_gmt":"2025-01-11T01:37:41","guid":{"rendered":"https:\/\/amgpromocionales.com.mx\/?post_type=product&#038;p=22709"},"modified":"2025-01-19T17:24:59","modified_gmt":"2025-01-19T23:24:59","slug":"bolsa-ecologica-kyoto","status":"publish","type":"product","link":"https:\/\/amgpromocionales.mx\/en\/shop\/bolsa-ecologica-kyoto\/","title":{"rendered":"BOLSA ECOL\u00d3GICA KYOTO"},"content":{"rendered":"<p>13 x 11 cm. (cerrado) 40 x 34,5 cm. (abierto). Non woven. Bolsa ecol\u00f3gica, posee una solapa color blanco con bot\u00f3n que permite compactar la bolsa. Mayor resistencia debido a que son cosidas.<\/p>","protected":false},"excerpt":{"rendered":"<p>13 x 11 cm. (cerrado) 40 x 34,5 cm. (abierto). Non woven. Bolsa ecol\u00f3gica, posee una solapa color blanco con bot\u00f3n que permite compactar la bolsa. Mayor resistencia debido a que son cosidas.<\/p>","protected":false},"featured_media":19547,"comment_status":"closed","ping_status":"closed","template":"","meta":[],"genre":[],"product_cat":[268],"product_tag":[],"class_list":{"0":"post-22709","1":"product","2":"type-product","3":"status-publish","4":"has-post-thumbnail","6":"product_cat-textiles","8":"first","9":"instock","10":"shipping-taxable","11":"purchasable","12":"product-type-variable"},"_links":{"self":[{"href":"https:\/\/amgpromocionales.mx\/en\/wp-json\/wp\/v2\/product\/22709","targetHints":{"allow":["GET"]}}],"collection":[{"href":"https:\/\/amgpromocionales.mx\/en\/wp-json\/wp\/v2\/product"}],"about":[{"href":"https:\/\/amgpromocionales.mx\/en\/wp-json\/wp\/v2\/types\/product"}],"replies":[{"embeddable":true,"href":"https:\/\/amgpromocionales.mx\/en\/wp-json\/wp\/v2\/comments?post=22709"}],"wp:featuredmedia":[{"embeddable":true,"href":"https:\/\/amgpromocionales.mx\/en\/wp-json\/wp\/v2\/media\/19547"}],"wp:attachment":[{"href":"https:\/\/amgpromocionales.mx\/en\/wp-json\/wp\/v2\/media?parent=22709"}],"wp:term":[{"taxonomy":"product_brand","embeddable":true,"href":"https:\/\/amgpromocionales.mx\/en\/wp-json\/wp\/v2\/genre?post=22709"},{"taxonomy":"product_cat","embeddable":true,"href":"https:\/\/amgpromocionales.mx\/en\/wp-json\/wp\/v2\/product_cat?post=22709"},{"taxonomy":"product_tag","embeddable":true,"href":"https:\/\/amgpromocionales.mx\/en\/wp-json\/wp\/v2\/product_tag?post=22709"}],"curies":[{"name":"wp","href":"https:\/\/api.w.org\/{rel}","templated":true}]}}