{"id":22640,"date":"2025-01-10T19:35:55","date_gmt":"2025-01-11T01:35:55","guid":{"rendered":"https:\/\/amgpromocionales.com.mx\/?post_type=product&#038;p=22640"},"modified":"2025-01-20T23:31:17","modified_gmt":"2025-01-21T05:31:17","slug":"boligrafo-tagus","status":"publish","type":"product","link":"https:\/\/amgpromocionales.mx\/en\/shop\/boligrafo-tagus\/","title":{"rendered":"BOL\u00cdGRAFO TAGUS"},"content":{"rendered":"<p>Metal. Cuerpo de aluminio en diferentes colores. Grip de bamb\u00fa. Clip met\u00e1lico. Pulsador y puntera pl\u00e1sticas color plata. Tinta negra. Destape color plata.<\/p>","protected":false},"excerpt":{"rendered":"<p>Metal. Cuerpo de aluminio en diferentes colores. Grip de bamb\u00fa. Clip met\u00e1lico. Pulsador y puntera pl\u00e1sticas color plata. Tinta negra. Destape color plata.<\/p>","protected":false},"featured_media":19677,"comment_status":"closed","ping_status":"closed","template":"","meta":[],"genre":[],"product_cat":[265,392],"product_tag":[],"class_list":{"0":"post-22640","1":"product","2":"type-product","3":"status-publish","4":"has-post-thumbnail","6":"product_cat-boligrafos-metalicos","7":"product_cat-ver-todo-boligrafos-y-lapices","9":"first","10":"instock","11":"shipping-taxable","12":"purchasable","13":"product-type-variable"},"_links":{"self":[{"href":"https:\/\/amgpromocionales.mx\/en\/wp-json\/wp\/v2\/product\/22640","targetHints":{"allow":["GET"]}}],"collection":[{"href":"https:\/\/amgpromocionales.mx\/en\/wp-json\/wp\/v2\/product"}],"about":[{"href":"https:\/\/amgpromocionales.mx\/en\/wp-json\/wp\/v2\/types\/product"}],"replies":[{"embeddable":true,"href":"https:\/\/amgpromocionales.mx\/en\/wp-json\/wp\/v2\/comments?post=22640"}],"wp:featuredmedia":[{"embeddable":true,"href":"https:\/\/amgpromocionales.mx\/en\/wp-json\/wp\/v2\/media\/19677"}],"wp:attachment":[{"href":"https:\/\/amgpromocionales.mx\/en\/wp-json\/wp\/v2\/media?parent=22640"}],"wp:term":[{"taxonomy":"product_brand","embeddable":true,"href":"https:\/\/amgpromocionales.mx\/en\/wp-json\/wp\/v2\/genre?post=22640"},{"taxonomy":"product_cat","embeddable":true,"href":"https:\/\/amgpromocionales.mx\/en\/wp-json\/wp\/v2\/product_cat?post=22640"},{"taxonomy":"product_tag","embeddable":true,"href":"https:\/\/amgpromocionales.mx\/en\/wp-json\/wp\/v2\/product_tag?post=22640"}],"curies":[{"name":"wp","href":"https:\/\/api.w.org\/{rel}","templated":true}]}}