{"id":22594,"date":"2025-01-10T19:33:59","date_gmt":"2025-01-11T01:33:59","guid":{"rendered":"https:\/\/amgpromocionales.com.mx\/?post_type=product&#038;p=22594"},"modified":"2025-01-20T23:33:40","modified_gmt":"2025-01-21T05:33:40","slug":"boligrafo-nando","status":"publish","type":"product","link":"https:\/\/amgpromocionales.mx\/en\/shop\/boligrafo-nando\/","title":{"rendered":"BOL\u00cdGRAFO NANDO"},"content":{"rendered":"<p>Pl\u00e1stico. Bol\u00edgrafo con cuerpo pl\u00e1stico de color con pulsador.\u00a0<\/p>","protected":false},"excerpt":{"rendered":"<p>Pl\u00e1stico. Bol\u00edgrafo con cuerpo pl\u00e1stico de color con pulsador.\u00a0<\/p>","protected":false},"featured_media":19922,"comment_status":"closed","ping_status":"closed","template":"","meta":[],"genre":[],"product_cat":[266,392],"product_tag":[],"class_list":{"0":"post-22594","1":"product","2":"type-product","3":"status-publish","4":"has-post-thumbnail","6":"product_cat-boligrafos-plasticos","7":"product_cat-ver-todo-boligrafos-y-lapices","9":"first","10":"instock","11":"shipping-taxable","12":"purchasable","13":"product-type-variable"},"_links":{"self":[{"href":"https:\/\/amgpromocionales.mx\/en\/wp-json\/wp\/v2\/product\/22594","targetHints":{"allow":["GET"]}}],"collection":[{"href":"https:\/\/amgpromocionales.mx\/en\/wp-json\/wp\/v2\/product"}],"about":[{"href":"https:\/\/amgpromocionales.mx\/en\/wp-json\/wp\/v2\/types\/product"}],"replies":[{"embeddable":true,"href":"https:\/\/amgpromocionales.mx\/en\/wp-json\/wp\/v2\/comments?post=22594"}],"wp:featuredmedia":[{"embeddable":true,"href":"https:\/\/amgpromocionales.mx\/en\/wp-json\/wp\/v2\/media\/19922"}],"wp:attachment":[{"href":"https:\/\/amgpromocionales.mx\/en\/wp-json\/wp\/v2\/media?parent=22594"}],"wp:term":[{"taxonomy":"product_brand","embeddable":true,"href":"https:\/\/amgpromocionales.mx\/en\/wp-json\/wp\/v2\/genre?post=22594"},{"taxonomy":"product_cat","embeddable":true,"href":"https:\/\/amgpromocionales.mx\/en\/wp-json\/wp\/v2\/product_cat?post=22594"},{"taxonomy":"product_tag","embeddable":true,"href":"https:\/\/amgpromocionales.mx\/en\/wp-json\/wp\/v2\/product_tag?post=22594"}],"curies":[{"name":"wp","href":"https:\/\/api.w.org\/{rel}","templated":true}]}}