{"id":40853,"date":"2025-01-13T22:43:15","date_gmt":"2025-01-14T04:43:15","guid":{"rendered":"https:\/\/amgpromocionales.com.mx\/?page_id=40853"},"modified":"2025-01-13T22:45:42","modified_gmt":"2025-01-14T04:45:42","slug":"aviso-de-privacidad-2","status":"publish","type":"page","link":"https:\/\/amgpromocionales.mx\/en\/aviso-de-privacidad-2\/","title":{"rendered":"AVISO DE PRIVACIDAD"},"content":{"rendered":"<div data-elementor-type=\"wp-page\" data-elementor-id=\"40853\" class=\"elementor elementor-40853\" data-elementor-post-type=\"page\">\n\t\t\t\t\t\t<section class=\"elementor-section elementor-top-section elementor-element elementor-element-4a11255 elementor-section-boxed elementor-section-height-default elementor-section-height-default\" data-id=\"4a11255\" data-element_type=\"section\">\r\n\t\t\t\t\t\t\t\t\t\t<div class=\"elementor-container elementor-column-gap-default\" >\r\n\t\t\t\t\t\t\t\t\t\t<div class=\"elementor-column elementor-col-100 elementor-top-column elementor-element elementor-element-1a4e24a\" data-id=\"1a4e24a\" data-element_type=\"column\">\r\n\t\t\t\r\n\t\t\t<div class=\"elementor-widget-wrap elementor-element-populated\">\r\n\t\t\t\t\t\t\t\t<div class=\"elementor-element elementor-element-1c976a7 elementor-widget elementor-widget-text-editor\" data-id=\"1c976a7\" data-element_type=\"widget\" data-widget_type=\"text-editor.default\">\n\t\t\t\t<div class=\"elementor-widget-container\">\n\t\t\t\t\t\t\t\t\t<p>IDENTIDAD Y DOMICILIO DEL RESPONSABLE DE LA OBTENCI\u00d3N Y TRATAMIENTO DE SUS DATOS PERSONALES. En adelante AMG PROMOCIONALES S.A DE C.V. con domicilio en Calle 16 de diciembre lote B manzana N colonia navidad alcald\u00eda Cuajimalpa C.P 05210 la persona responsable de recabar sus datos personales, del uso y tratamiento que se haga de los mismos, incluyendo por su supuesto, su protecci\u00f3n.<\/p><p>Finalidad de tratamiento de sus datos<\/p><p>Los datos personales y documentos que recabemos de usted tienen como finalidad de evaluarlo y en su oportunidad llevar a cabo una relaci\u00f3n de car\u00e1cter mercantil o comercial, en su momento para proveerlos de los servicios y productos que ofrecemos, y almacenar su informaci\u00f3n en nuestra base de clientes para enviarle informaci\u00f3n relativa a los acuerdos comerciales que se celebren, o cualquier finalidad an\u00e1loga. Al aceptar los t\u00e9rminos del presente aviso y por ende el tratamiento de sus datos personales, Usted expresamente autoriza a AMG PROMOCIONALES S.A DE C.V. a investigar y verificar sus datos personales e inclusive, que se contacte por cualquier e medio a las personas f\u00edsicas y\/o morales p\u00fablicas o privadas a que hagan referencia la informaci\u00f3n o documentos proporcionados.<\/p><p>Datos personales que se recaban<\/p><p>Nombre, tel\u00e9fonos, correo electr\u00f3nico, domicilio, nombre, tel\u00e9fono (m\u00f3vil, y fijo ), direcci\u00f3n que probablemente atiendan a la cuenta como por comercial, nombre, denominaci\u00f3n, raz\u00f3n social, domicilio y tel\u00e9fono de principales clientes y contactos, carta de representaci\u00f3n, RFC, CURP, Constancia Fiscal actualizada, INE (representante legal), formato de alta en hacienda (R1 o R2), servicio o giro, nivel en el que surte (local, regional o nacional), en caso de ser local las ciudades que abarca, detalle del producto o servicio que realiza y principales condiciones comerciales.<\/p><p>Cambios al presente aviso<\/p><p>Nos reservaremos el derecho de efectuar en cualquier momento modificaciones o actualizaciones al presente aviso de privacidad, para la atenci\u00f3n de novedades legislativas o jurisprudencia, pol\u00edticas internas, nuevos requerimientos para la prestaci\u00f3n estas modificaciones estar\u00e1n disponibles al p\u00fablico a trav\u00e9s de nuestra p\u00e1gina de AMG PROMOCIONALES SA DE CV. La fecha de la \u00faltima actualizaci\u00f3n al presente aviso de privacidad: 15 de septiembre 2022.<\/p>\t\t\t\t\t\t\t\t<\/div>\n\t\t\t\t<\/div>\n\t\t\t\t\t<\/div>\r\n\t\t\t\r\n\t\t<\/div>\r\n\t\t\t\t\t\t\t\t\t\t\t\t\t\t\t<\/div>\r\n\t\t\t\t\t\t\t<\/section>\r\n\t\t\t\t<\/div>","protected":false},"excerpt":{"rendered":"<p>IDENTIDAD Y DOMICILIO DEL RESPONSABLE DE LA OBTENCI\u00d3N Y TRATAMIENTO DE SUS DATOS PERSONALES. En adelante AMG PROMOCIONALES S.A DE C.V. con domicilio en Calle 16 de diciembre lote B manzana N colonia navidad alcald\u00eda Cuajimalpa C.P 05210 la persona responsable de recabar sus datos personales, del uso y tratamiento que se haga de los [&hellip;]<\/p>","protected":false},"author":1,"featured_media":0,"parent":0,"menu_order":0,"comment_status":"closed","ping_status":"closed","template":"elementor_header_footer","meta":{"footnotes":""},"class_list":["post-40853","page","type-page","status-publish","hentry"],"_links":{"self":[{"href":"https:\/\/amgpromocionales.mx\/en\/wp-json\/wp\/v2\/pages\/40853","targetHints":{"allow":["GET"]}}],"collection":[{"href":"https:\/\/amgpromocionales.mx\/en\/wp-json\/wp\/v2\/pages"}],"about":[{"href":"https:\/\/amgpromocionales.mx\/en\/wp-json\/wp\/v2\/types\/page"}],"author":[{"embeddable":true,"href":"https:\/\/amgpromocionales.mx\/en\/wp-json\/wp\/v2\/users\/1"}],"replies":[{"embeddable":true,"href":"https:\/\/amgpromocionales.mx\/en\/wp-json\/wp\/v2\/comments?post=40853"}],"version-history":[{"count":4,"href":"https:\/\/amgpromocionales.mx\/en\/wp-json\/wp\/v2\/pages\/40853\/revisions"}],"predecessor-version":[{"id":40857,"href":"https:\/\/amgpromocionales.mx\/en\/wp-json\/wp\/v2\/pages\/40853\/revisions\/40857"}],"wp:attachment":[{"href":"https:\/\/amgpromocionales.mx\/en\/wp-json\/wp\/v2\/media?parent=40853"}],"curies":[{"name":"wp","href":"https:\/\/api.w.org\/{rel}","templated":true}]}}